{"id":201,"date":"2022-08-02T12:32:46","date_gmt":"2022-08-02T10:32:46","guid":{"rendered":"http:\/\/etresetbienetre.com\/?page_id=201"},"modified":"2022-08-03T11:40:24","modified_gmt":"2022-08-03T09:40:24","slug":"hestia-front","status":"publish","type":"page","link":"https:\/\/etresetbienetre.com\/","title":{"rendered":"\u00catres &#038; bien-\u00eatre"},"content":{"rendered":"\n<p style=\"font-size:25px\">Faire rena\u00eetre des accords avec soi-m\u00eame au plus juste<\/p>\n\n\n\n<p class=\"has-text-color\" style=\"color:#bc7914\">C\u2019est dans un esprit ouvert et curieux que je vous invite \u00e0 r\u00e9veiller la sensibilit\u00e9 qui est en vous !<\/p>\n","protected":false},"excerpt":{"rendered":"<p>Faire rena\u00eetre des accords avec soi-m\u00eame au plus juste C\u2019est dans un esprit ouvert et curieux que je vous invite \u00e0 r\u00e9veiller la sensibilit\u00e9 qui est en vous !<\/p>\n","protected":false},"author":1,"featured_media":0,"parent":0,"menu_order":0,"comment_status":"closed","ping_status":"closed","template":"","meta":{"_ti_tpc_template_sync":false,"_ti_tpc_template_id":""},"_links":{"self":[{"href":"https:\/\/etresetbienetre.com\/index.php?rest_route=\/wp\/v2\/pages\/201"}],"collection":[{"href":"https:\/\/etresetbienetre.com\/index.php?rest_route=\/wp\/v2\/pages"}],"about":[{"href":"https:\/\/etresetbienetre.com\/index.php?rest_route=\/wp\/v2\/types\/page"}],"author":[{"embeddable":true,"href":"https:\/\/etresetbienetre.com\/index.php?rest_route=\/wp\/v2\/users\/1"}],"replies":[{"embeddable":true,"href":"https:\/\/etresetbienetre.com\/index.php?rest_route=%2Fwp%2Fv2%2Fcomments&post=201"}],"version-history":[{"count":8,"href":"https:\/\/etresetbienetre.com\/index.php?rest_route=\/wp\/v2\/pages\/201\/revisions"}],"predecessor-version":[{"id":242,"href":"https:\/\/etresetbienetre.com\/index.php?rest_route=\/wp\/v2\/pages\/201\/revisions\/242"}],"wp:attachment":[{"href":"https:\/\/etresetbienetre.com\/index.php?rest_route=%2Fwp%2Fv2%2Fmedia&parent=201"}],"curies":[{"name":"wp","href":"https:\/\/api.w.org\/{rel}","templated":true}]}}