{"id":131,"date":"2022-08-01T14:51:30","date_gmt":"2022-08-01T12:51:30","guid":{"rendered":"http:\/\/etresetbienetre.com\/?page_id=131"},"modified":"2022-09-22T10:26:37","modified_gmt":"2022-09-22T08:26:37","slug":"soins","status":"publish","type":"page","link":"https:\/\/etresetbienetre.com\/?page_id=131","title":{"rendered":"Soins"},"content":{"rendered":"\n<div class=\"wp-block-image\"><figure class=\"alignleft size-large is-resized\"><img loading=\"lazy\" src=\"http:\/\/etresetbienetre.com\/wp-content\/uploads\/2022\/08\/Soins-981x1024.jpg\" alt=\"\" class=\"wp-image-305\" width=\"182\" height=\"189\" srcset=\"https:\/\/etresetbienetre.com\/wp-content\/uploads\/2022\/08\/Soins-981x1024.jpg 981w, https:\/\/etresetbienetre.com\/wp-content\/uploads\/2022\/08\/Soins-287x300.jpg 287w, https:\/\/etresetbienetre.com\/wp-content\/uploads\/2022\/08\/Soins-768x802.jpg 768w, https:\/\/etresetbienetre.com\/wp-content\/uploads\/2022\/08\/Soins-1471x1536.jpg 1471w, https:\/\/etresetbienetre.com\/wp-content\/uploads\/2022\/08\/Soins-1961x2048.jpg 1961w\" sizes=\"(max-width: 182px) 100vw, 182px\" \/><\/figure><\/div>\n\n\n\n<p class=\"has-accent-color has-text-color\"><br><strong>Dans une sensibilit\u00e9 chamanique :<\/strong><\/p>\n\n\n\n<p>Le chamanisme est une exp\u00e9rience intime qui vise \u00e0 d\u00e9velopper notre sensibilit\u00e9, notre ouverture et notre compr\u00e9hension du monde. Il nous aide \u00e0 mieux ressentir le monde qui nous entoure \u2013 qu\u2019il soit visible ou invisible !<\/p>\n","protected":false},"excerpt":{"rendered":"<p>Dans une sensibilit\u00e9 chamanique : Le chamanisme est une exp\u00e9rience intime qui vise \u00e0 d\u00e9velopper notre sensibilit\u00e9, notre ouverture et notre compr\u00e9hension du monde. Il nous aide \u00e0 mieux ressentir le monde qui nous entoure \u2013 qu\u2019il soit visible ou invisible !<\/p>\n","protected":false},"author":1,"featured_media":0,"parent":0,"menu_order":0,"comment_status":"closed","ping_status":"closed","template":"","meta":{"_ti_tpc_template_sync":false,"_ti_tpc_template_id":""},"_links":{"self":[{"href":"https:\/\/etresetbienetre.com\/index.php?rest_route=\/wp\/v2\/pages\/131"}],"collection":[{"href":"https:\/\/etresetbienetre.com\/index.php?rest_route=\/wp\/v2\/pages"}],"about":[{"href":"https:\/\/etresetbienetre.com\/index.php?rest_route=\/wp\/v2\/types\/page"}],"author":[{"embeddable":true,"href":"https:\/\/etresetbienetre.com\/index.php?rest_route=\/wp\/v2\/users\/1"}],"replies":[{"embeddable":true,"href":"https:\/\/etresetbienetre.com\/index.php?rest_route=%2Fwp%2Fv2%2Fcomments&post=131"}],"version-history":[{"count":13,"href":"https:\/\/etresetbienetre.com\/index.php?rest_route=\/wp\/v2\/pages\/131\/revisions"}],"predecessor-version":[{"id":320,"href":"https:\/\/etresetbienetre.com\/index.php?rest_route=\/wp\/v2\/pages\/131\/revisions\/320"}],"wp:attachment":[{"href":"https:\/\/etresetbienetre.com\/index.php?rest_route=%2Fwp%2Fv2%2Fmedia&parent=131"}],"curies":[{"name":"wp","href":"https:\/\/api.w.org\/{rel}","templated":true}]}}